		{"id":109,"date":"2015-07-23T11:10:51","date_gmt":"2015-07-23T11:10:51","guid":{"rendered":"http:\/\/demo.themegrill.com\/colornews\/?page_id=109"},"modified":"2022-06-26T05:13:32","modified_gmt":"2022-06-26T05:13:32","slug":"contact-us","status":"publish","type":"page","link":"http:\/\/celaliasireti.com\/index.php\/contact-us\/","title":{"rendered":"\u0130LET\u0130\u015e\u0130M"},"content":{"rendered":"<div class=\"wp-block-jetpack-contact-form\"><a href=\"http:\/\/celaliasireti.com\/index.php\/contact-us\/\" target=\"_blank\" rel=\"noopener noreferrer\">Bir form g\u00f6nderin.<\/a><\/div>\n\n\n<div class=\"wp-block-jetpack-send-a-message\">\n<div class=\"wp-block-jetpack-whatsapp-button is-color-dark\"><a class=\"whatsapp-block__button\" href=\"https:\/\/api.whatsapp.com\/send?phone=905320159904&amp;text=Merhaba%2C%20WhatsApp%20bilgilerinizi%20web%20sitenizden%20ald%C4%B1m.\" style=\"background-color:#25D366;color:#fff\" target=\"_self\" rel=\"noopener noreferrer\">WhatsApp&#8217;ta sohbet edin<\/a><\/div>\n<\/div>\n","protected":false},"excerpt":{"rendered":"","protected":false},"author":1,"featured_media":0,"parent":0,"menu_order":0,"comment_status":"closed","ping_status":"closed","template":"page-templates\/contact.php","meta":{"advanced_seo_description":"","jetpack_seo_html_title":"","jetpack_seo_noindex":false,"footnotes":""},"class_list":["post-109","page","type-page","status-publish","hentry"],"jetpack-related-posts":[],"jetpack_sharing_enabled":true,"_links":{"self":[{"href":"http:\/\/celaliasireti.com\/index.php\/wp-json\/wp\/v2\/pages\/109","targetHints":{"allow":["GET"]}}],"collection":[{"href":"http:\/\/celaliasireti.com\/index.php\/wp-json\/wp\/v2\/pages"}],"about":[{"href":"http:\/\/celaliasireti.com\/index.php\/wp-json\/wp\/v2\/types\/page"}],"author":[{"embeddable":true,"href":"http:\/\/celaliasireti.com\/index.php\/wp-json\/wp\/v2\/users\/1"}],"replies":[{"embeddable":true,"href":"http:\/\/celaliasireti.com\/index.php\/wp-json\/wp\/v2\/comments?post=109"}],"version-history":[{"count":6,"href":"http:\/\/celaliasireti.com\/index.php\/wp-json\/wp\/v2\/pages\/109\/revisions"}],"predecessor-version":[{"id":750,"href":"http:\/\/celaliasireti.com\/index.php\/wp-json\/wp\/v2\/pages\/109\/revisions\/750"}],"wp:attachment":[{"href":"http:\/\/celaliasireti.com\/index.php\/wp-json\/wp\/v2\/media?parent=109"}],"curies":[{"name":"wp","href":"https:\/\/api.w.org\/{rel}","templated":true}]}}